{"id":3,"date":"2025-04-17T20:58:37","date_gmt":"2025-04-17T18:58:37","guid":{"rendered":"http:\/\/testwp68-ai.you2.pl\/?page_id=3"},"modified":"2025-05-10T08:48:45","modified_gmt":"2025-05-10T06:48:45","slug":"polityka-prywatnosci","status":"publish","type":"page","link":"https:\/\/orzelglogowo.sklep.pl\/index.php\/polityka-prywatnosci\/","title":{"rendered":"Polityka prywatno\u015bci"},"content":{"rendered":"\t\t<div data-elementor-type=\"wp-page\" data-elementor-id=\"3\" class=\"elementor elementor-3\" data-elementor-post-type=\"page\">\n\t\t\t\t<div class=\"elementor-element elementor-element-420ed617 e-flex e-con-boxed e-con e-parent\" data-id=\"420ed617\" data-element_type=\"container\">\n\t\t\t\t\t<div class=\"e-con-inner\">\n\t\t\t\t<div class=\"elementor-element elementor-element-72044343 elementor-widget elementor-widget-text-editor\" data-id=\"72044343\" data-element_type=\"widget\" data-widget_type=\"text-editor.default\">\n\t\t\t\t<div class=\"elementor-widget-container\"><div class=\"page-header\">\n<h1 class=\"entry-title wp-block-heading\">Polityka prywatno\u015bci<\/h1>\n<\/div>\n<div class=\"page-content\">\n<div class=\"elementor elementor-3\" data-elementor-type=\"wp-page\" data-elementor-id=\"3\" data-elementor-post-type=\"page\">\n<div class=\"elementor-element elementor-element-748938c6 e-flex e-con-boxed e-con e-parent e-lazyloaded\" data-id=\"748938c6\" data-element_type=\"container\">\n<div class=\"e-con-inner\">\n<div class=\"elementor-element elementor-element-27ae7bbc elementor-widget elementor-widget-text-editor\" data-id=\"27ae7bbc\" data-element_type=\"widget\" data-widget_type=\"text-editor.default\">\n<div class=\"elementor-widget-container\">\n<p><strong>Polityka Prywatno\u015bci sklepu internetowego orzelglogowo.sklep.pl<\/strong><\/p>\n<p><strong>1. Administrator danych osobowych<\/strong><br \/>Administratorem Twoich danych osobowych jest Sebastian Sta\u0144czak, prowadz\u0105cy dzia\u0142alno\u015b\u0107 gospodarcz\u0105 pod nazw\u0105 \u201eUs\u0142ugi Reklamowe Sebastian Sta\u0144czak\u201d, z siedzib\u0105 przy ul. J\u00f3zefa Czapskiego 61, 66-100 Brzezie k. Sulechowa, NIP: 973106690.<\/p>\n<p>Kontakt z administratorem:<\/p>\n<ul>\n<li>Telefon: 537 324 675<\/li>\n<li>E-mail:\u00a0<a rel=\"noopener\">biuro@grafika-sportowa.pl<\/a><\/li>\n<\/ul>\n<p><strong>2. Jakie dane zbieramy?<\/strong><br \/>Podczas korzystania z naszego sklepu internetowego mo\u017cemy przetwarza\u0107 nast\u0119puj\u0105ce dane osobowe:<\/p>\n<ul>\n<li>Imi\u0119 i nazwisko,<\/li>\n<li>Adres e-mail,<\/li>\n<li>Numer telefonu,<\/li>\n<li>Adres dostawy,<\/li>\n<li>Dane do faktury (je\u015bli dotyczy),<\/li>\n<li>Informacje o zam\u00f3wieniach i p\u0142atno\u015bciach,<\/li>\n<li>Adres IP oraz dane dotycz\u0105ce aktywno\u015bci na stronie.<\/li>\n<\/ul>\n<p><strong>3. Cele przetwarzania danych osobowych<\/strong><br \/>Twoje dane osobowe przetwarzamy w celu:<\/p>\n<ul>\n<li>Realizacji zam\u00f3wie\u0144 z\u0142o\u017conych w sklepie internetowym,<\/li>\n<li>Kontaktowania si\u0119 w sprawach zwi\u0105zanych z obs\u0142ug\u0105 zam\u00f3wie\u0144,<\/li>\n<li>Wystawiania faktur i dokument\u00f3w ksi\u0119gowych,<\/li>\n<li>Prowadzenia dzia\u0142a\u0144 marketingowych (np. wysy\u0142ka newslettera, za Twoj\u0105 zgod\u0105),<\/li>\n<li>Analizy statystyk dotycz\u0105cych korzystania ze strony,<\/li>\n<li>Dochodzenia ewentualnych roszcze\u0144 lub obrony przed nimi.<\/li>\n<\/ul>\n<p><strong>4. Podstawa prawna przetwarzania danych<\/strong><br \/>Przetwarzanie danych osobowych odbywa si\u0119 na podstawie:<\/p>\n<ul>\n<li>Art. 6 ust. 1 lit. b RODO \u2013 realizacja umowy,<\/li>\n<li>Art. 6 ust. 1 lit. c RODO \u2013 wype\u0142nienie obowi\u0105zku prawnego (np. wystawianie faktur),<\/li>\n<li>Art. 6 ust. 1 lit. a RODO \u2013 Twoja zgoda, je\u015bli zosta\u0142a wyra\u017cona (np. na cele marketingowe),<\/li>\n<li>Art. 6 ust. 1 lit. f RODO \u2013 uzasadnione interesy administratora (np. analiza statystyk).<\/li>\n<\/ul>\n<p><strong>5. Okres przechowywania danych<\/strong><br \/>Dane osobowe przechowujemy przez:<\/p>\n<ul>\n<li>Czas niezb\u0119dny do realizacji zam\u00f3wienia oraz wype\u0142nienia obowi\u0105zk\u00f3w wynikaj\u0105cych z przepis\u00f3w prawa,<\/li>\n<li>Do momentu wycofania zgody na przetwarzanie danych (w przypadku przetwarzania na podstawie zgody),<\/li>\n<li>Okres wymagany do ochrony interes\u00f3w prawnych administratora.<\/li>\n<\/ul>\n<p><strong>6. Odbiorcy danych osobowych<\/strong><br \/>Twoje dane mog\u0105 by\u0107 udost\u0119pniane:<\/p>\n<ul>\n<li>Firmom kurierskim i pocztowym w celu dostarczenia zam\u00f3wienia,<\/li>\n<li>Podmiotom obs\u0142uguj\u0105cym p\u0142atno\u015bci online,<\/li>\n<li>Biuru rachunkowemu,<\/li>\n<li>Podmiotom \u015bwiadcz\u0105cym us\u0142ugi IT i hostingowe.<\/li>\n<\/ul>\n<p><strong>7. Twoje prawa<\/strong><br \/>Masz prawo do:<\/p>\n<ul>\n<li>Dost\u0119pu do swoich danych osobowych,<\/li>\n<li>Sprostowania danych,<\/li>\n<li>Usuni\u0119cia danych (\u201eprawo do bycia zapomnianym\u201d),<\/li>\n<li>Ograniczenia przetwarzania danych,<\/li>\n<li>Przenoszenia danych,<\/li>\n<li>Wycofania zgody na przetwarzanie danych w dowolnym momencie,<\/li>\n<li>Wniesienia sprzeciwu wobec przetwarzania danych,<\/li>\n<li>Z\u0142o\u017cenia skargi do Prezesa Urz\u0119du Ochrony Danych Osobowych (PUODO).<\/li>\n<\/ul>\n<p><strong>8. Pliki cookies<\/strong><br \/>Nasza strona korzysta z plik\u00f3w cookies w celu:<\/p>\n<ul>\n<li>Zapewnienia prawid\u0142owego dzia\u0142ania sklepu internetowego,<\/li>\n<li>Analizy ruchu na stronie,<\/li>\n<li>Personalizacji tre\u015bci wy\u015bwietlanych u\u017cytkownikom.<\/li>\n<\/ul>\n<p>Mo\u017cesz zarz\u0105dza\u0107 plikami cookies w ustawieniach swojej przegl\u0105darki internetowej.<\/p>\n<p><strong>9. Zmiany w Polityce Prywatno\u015bci<\/strong><br \/>Zastrzegamy sobie prawo do wprowadzania zmian w niniejszej Polityce Prywatno\u015bci. Aktualna wersja dokumentu zawsze b\u0119dzie dost\u0119pna na stronie internetowej sklepu.<\/p>\n<p><strong>10. Kontakt<\/strong><br \/>W przypadku pyta\u0144 dotycz\u0105cych przetwarzania danych osobowych lub niniejszej Polityki Prywatno\u015bci, prosimy o kontakt:<\/p>\n<ul>\n<li>Telefon: 537 324 675<\/li>\n<li>E-mail:\u00a0<a rel=\"noopener\">biuro@grafika-sportowa.pl<\/a><\/li>\n<\/ul>\n<\/div>\n<\/div>\n<\/div>\n<\/div>\n<\/div>\n<\/div>\t\t\t\t\t\t\t\t<\/div>\n\t\t\t\t<\/div>\n\t\t\t\t\t<\/div>\n\t\t\t\t<\/div>\t\t<\/div>\n\t\t","protected":false},"excerpt":{"rendered":"<p>Polityka prywatno\u015bci Polityka Prywatno\u015bci sklepu internetowego orzelglogowo.sklep.pl 1. Administrator danych osobowychAdministratorem Twoich danych osobowych jest Sebastian Sta\u0144czak, prowadz\u0105cy dzia\u0142alno\u015b\u0107 gospodarcz\u0105 pod nazw\u0105 \u201eUs\u0142ugi Reklamowe Sebastian Sta\u0144czak\u201d, z siedzib\u0105 przy ul. J\u00f3zefa Czapskiego 61, 66-100 Brzezie k. Sulechowa, NIP: 973106690. Kontakt z administratorem: Telefon: 537 324 675 E-mail:\u00a0biuro@grafika-sportowa.pl 2. Jakie dane zbieramy?Podczas korzystania z naszego sklepu [&hellip;]<\/p>\n","protected":false},"author":1,"featured_media":0,"parent":0,"menu_order":0,"comment_status":"closed","ping_status":"open","template":"","meta":{"footnotes":""},"class_list":["post-3","page","type-page","status-publish","hentry"],"_links":{"self":[{"href":"https:\/\/orzelglogowo.sklep.pl\/index.php\/wp-json\/wp\/v2\/pages\/3","targetHints":{"allow":["GET"]}}],"collection":[{"href":"https:\/\/orzelglogowo.sklep.pl\/index.php\/wp-json\/wp\/v2\/pages"}],"about":[{"href":"https:\/\/orzelglogowo.sklep.pl\/index.php\/wp-json\/wp\/v2\/types\/page"}],"author":[{"embeddable":true,"href":"https:\/\/orzelglogowo.sklep.pl\/index.php\/wp-json\/wp\/v2\/users\/1"}],"replies":[{"embeddable":true,"href":"https:\/\/orzelglogowo.sklep.pl\/index.php\/wp-json\/wp\/v2\/comments?post=3"}],"version-history":[{"count":3,"href":"https:\/\/orzelglogowo.sklep.pl\/index.php\/wp-json\/wp\/v2\/pages\/3\/revisions"}],"predecessor-version":[{"id":709,"href":"https:\/\/orzelglogowo.sklep.pl\/index.php\/wp-json\/wp\/v2\/pages\/3\/revisions\/709"}],"wp:attachment":[{"href":"https:\/\/orzelglogowo.sklep.pl\/index.php\/wp-json\/wp\/v2\/media?parent=3"}],"curies":[{"name":"wp","href":"https:\/\/api.w.org\/{rel}","templated":true}]}}