{"id":710,"date":"2025-05-10T08:49:25","date_gmt":"2025-05-10T06:49:25","guid":{"rendered":"https:\/\/orzelglogowo.sklep.pl\/?page_id=710"},"modified":"2025-05-10T08:51:09","modified_gmt":"2025-05-10T06:51:09","slug":"regulamin","status":"publish","type":"page","link":"https:\/\/orzelglogowo.sklep.pl\/index.php\/regulamin\/","title":{"rendered":"Regulamin"},"content":{"rendered":"\t\t<div data-elementor-type=\"wp-page\" data-elementor-id=\"710\" class=\"elementor elementor-710\" data-elementor-post-type=\"page\">\n\t\t\t\t<div class=\"elementor-element elementor-element-329afa2 e-flex e-con-boxed e-con e-parent\" data-id=\"329afa2\" data-element_type=\"container\">\n\t\t\t\t\t<div class=\"e-con-inner\">\n\t\t\t\t<div class=\"elementor-element elementor-element-8ed53cd elementor-widget elementor-widget-text-editor\" data-id=\"8ed53cd\" data-element_type=\"widget\" data-widget_type=\"text-editor.default\">\n\t\t\t\t<div class=\"elementor-widget-container\">\n\t\t\t\t\t\t\t\t\t<main id=\"content\" class=\"site-main post-339 page type-page status-publish hentry\"><div class=\"page-header\"><h1 class=\"entry-title\">Regulamin<\/h1><\/div><div class=\"page-content\"><div class=\"elementor elementor-339\" data-elementor-type=\"wp-page\" data-elementor-id=\"339\" data-elementor-post-type=\"page\"><div class=\"elementor-element elementor-element-0177910 e-flex e-con-boxed e-con e-parent e-lazyloaded\" data-id=\"0177910\" data-element_type=\"container\"><div class=\"e-con-inner\"><div class=\"elementor-element elementor-element-53ad844 elementor-widget elementor-widget-text-editor\" data-id=\"53ad844\" data-element_type=\"widget\" data-widget_type=\"text-editor.default\"><div class=\"elementor-widget-container\"><p><strong>Regulamin sklepu internetowego orzelglogowo.sklep.pl<\/strong><\/p><p><strong>I. Postanowienia og\u00f3lne<\/strong><\/p><ol><li>Regulamin okre\u015bla zasady korzystania ze sklepu internetowego dost\u0119pnego pod adresem orzelglogowo.sklep.pl.<\/li><li>W\u0142a\u015bcicielem sklepu jest Sebastian Sta\u0144czak, prowadz\u0105cy dzia\u0142alno\u015b\u0107 gospodarcz\u0105 pod nazw\u0105 \u201eUs\u0142ugi Reklamowe Sebastian Sta\u0144czak\u201d, z siedzib\u0105 przy ul. J\u00f3zefa Czapskiego 61, 66-100 Brzezie k. Sulechowa, NIP: 973106690.<\/li><li>Kontakt ze sprzedawc\u0105:<ul><li>Telefon: 537 324 675<\/li><li>E-mail:\u00a0<a rel=\"noopener\">biuro@grafika-sportowa.pl<\/a><\/li><\/ul><\/li><li>Sklep internetowy dzia\u0142a zgodnie z przepisami prawa obowi\u0105zuj\u0105cymi na terytorium Rzeczypospolitej Polskiej, w szczeg\u00f3lno\u015bci z ustaw\u0105 z dnia 30 maja 2014 r. o prawach konsumenta oraz ustaw\u0105 z dnia 23 kwietnia 1964 r. Kodeks cywilny.<\/li><\/ol><p><strong>II. Definicje<\/strong><\/p><ol><li>Sprzedawca \u2013 Sebastian Sta\u0144czak, prowadz\u0105cy dzia\u0142alno\u015b\u0107 pod nazw\u0105 \u201eUs\u0142ugi Reklamowe Sebastian Sta\u0144czak\u201d.<\/li><li>Kupuj\u0105cy \u2013 ka\u017cda osoba fizyczna, prawna lub jednostka organizacyjna dokonuj\u0105ca zakup\u00f3w w sklepie.<\/li><li>Konsument \u2013 osoba fizyczna dokonuj\u0105ca zakup\u00f3w w celu niezwi\u0105zanym bezpo\u015brednio z jej dzia\u0142alno\u015bci\u0105 gospodarcz\u0105 lub zawodow\u0105.<\/li><li>Sklep \u2013 sklep internetowy dost\u0119pny pod adresem arkapawlow.sklep.pl.<\/li><li>Regulamin \u2013 niniejszy dokument okre\u015blaj\u0105cy zasady korzystania ze sklepu.<\/li><\/ol><p><strong>III. Zasady korzystania ze sklepu<\/strong><\/p><ol><li>Kupuj\u0105cy zobowi\u0105zany jest do korzystania ze sklepu zgodnie z jego przeznaczeniem, obowi\u0105zuj\u0105cymi przepisami prawa oraz postanowieniami niniejszego regulaminu.<\/li><li>W celu z\u0142o\u017cenia zam\u00f3wienia konieczne jest podanie prawdziwych danych osobowych oraz akceptacja regulaminu.<\/li><li>Sklep zastrzega sobie prawo do zmiany cen towar\u00f3w oraz prowadzenia akcji promocyjnych.<\/li><\/ol><p><strong>IV. Procedura sk\u0142adania zam\u00f3wie\u0144<\/strong><\/p><ol><li>Zam\u00f3wienia mo\u017cna sk\u0142ada\u0107 poprzez stron\u0119 internetow\u0105 arkapawlow.sklep.pl.<\/li><li>Proces zam\u00f3wienia obejmuje:<ul><li>Wyb\u00f3r towar\u00f3w i ich dodanie do koszyka,<\/li><li>Wype\u0142nienie formularza zam\u00f3wienia,<\/li><li>Akceptacj\u0119 regulaminu,<\/li><li>Potwierdzenie zam\u00f3wienia i dokonanie p\u0142atno\u015bci.<\/li><\/ul><\/li><li>Zam\u00f3wienie zostaje przyj\u0119te do realizacji po jego potwierdzeniu przez sklep.<\/li><\/ol><p><strong>V. Ceny i p\u0142atno\u015bci<\/strong><\/p><ol><li>Wszystkie ceny podane w sklepie s\u0105 cenami brutto (zawieraj\u0105 podatek VAT).<\/li><li>Dost\u0119pne formy p\u0142atno\u015bci:<ul><li>Przelew bankowy,<\/li><li>P\u0142atno\u015bci online za po\u015brednictwem operator\u00f3w p\u0142atno\u015bci wskazanych na stronie sklepu.<\/li><\/ul><\/li><\/ol><p><strong>VI. Dostawa<\/strong><\/p><ol><li>Towary dostarczane s\u0105 na terenie Polski za po\u015brednictwem firm kurierskich.<\/li><li>Koszty dostawy s\u0105 wskazane podczas sk\u0142adania zam\u00f3wienia.<\/li><li>Termin realizacji zam\u00f3wienia wynosi od 2 do 7 dni roboczych od momentu zaksi\u0119gowania p\u0142atno\u015bci.<\/li><\/ol><p><strong>VII. Prawo odst\u0105pienia od umowy<\/strong><\/p><ol><li>Konsument ma prawo odst\u0105pi\u0107 od umowy zawartej na odleg\u0142o\u015b\u0107 w terminie 14 dni od otrzymania towaru, bez podania przyczyny.<\/li><li>Aby skorzysta\u0107 z prawa odst\u0105pienia, nale\u017cy z\u0142o\u017cy\u0107 o\u015bwiadczenie o odst\u0105pieniu, przesy\u0142aj\u0105c je na adres e-mail:\u00a0<a rel=\"noopener\">biuro@grafika-sportowa.pl<\/a>.<\/li><li>Konsument zobowi\u0105zany jest zwr\u00f3ci\u0107 towar w terminie 14 dni od dnia odst\u0105pienia od umowy.<\/li><li>Towary personalizowana tj. dedykowane nazwisko, numer nie podlegaj\u0105 zwrotom.<\/li><\/ol><p><strong>VIII. Reklamacje<\/strong><\/p><ol><li>Reklamacje mo\u017cna sk\u0142ada\u0107 na adres e-mail:\u00a0<a rel=\"noopener\">biuro@grafika-sportowa.pl<\/a>\u00a0lub telefonicznie pod numerem 537 324 675.<\/li><li>Reklamacja powinna zawiera\u0107:<ul><li>Imi\u0119 i nazwisko,<\/li><li>Numer zam\u00f3wienia,<\/li><li>Opis problemu.<\/li><\/ul><\/li><li>Reklamacje rozpatrywane s\u0105 w terminie 14 dni od daty ich otrzymania.<\/li><\/ol><p><strong>IX. Ochrona danych osobowych<\/strong><\/p><ol><li>Administratorem danych osobowych jest Sebastian Sta\u0144czak, prowadz\u0105cy dzia\u0142alno\u015b\u0107 pod nazw\u0105 \u201eUs\u0142ugi Reklamowe Sebastian Sta\u0144czak\u201d.<\/li><li>Dane osobowe przetwarzane s\u0105 zgodnie z Polityk\u0105 Prywatno\u015bci dost\u0119pn\u0105 na stronie sklepu.<\/li><li>Kupuj\u0105cy ma prawo dost\u0119pu do swoich danych, ich poprawiania oraz \u017c\u0105dania ich usuni\u0119cia.<\/li><\/ol><p><strong>X. Postanowienia ko\u0144cowe<\/strong><\/p><ol><li>Regulamin wchodzi w \u017cycie z dniem jego publikacji na stronie arkapawlow.sklep.pl.<\/li><li>W sprawach nieuregulowanych w regulaminie maj\u0105 zastosowanie przepisy prawa polskiego.<\/li><li>Sprzedawca zastrzega sobie prawo do zmiany regulaminu. Zmiany wchodz\u0105 w \u017cycie z chwil\u0105 ich publikacji na stronie sklepu.<\/li><\/ol><\/div><\/div><\/div><\/div><\/div><\/div><\/main><div class=\"elementor elementor-329 elementor-location-footer\" data-elementor-type=\"footer\" data-elementor-id=\"329\" data-elementor-post-type=\"elementor_library\"><section class=\"elementor-section elementor-top-section elementor-element elementor-element-371bd5b4 elementor-section-content-middle elementor-section-boxed elementor-section-height-default elementor-section-height-default\" data-id=\"371bd5b4\" data-element_type=\"section\" data-settings=\"{&quot;background_background&quot;:&quot;classic&quot;}\"><div class=\"elementor-container elementor-column-gap-no\"><div class=\"elementor-column elementor-col-33 elementor-top-column elementor-element elementor-element-3cded289\" data-id=\"3cded289\" data-element_type=\"column\"><div class=\"elementor-widget-wrap elementor-element-populated\"><div class=\"elementor-element elementor-element-bca210 elementor-widget elementor-widget-theme-site-logo elementor-widget-image\" data-id=\"bca210\" data-element_type=\"widget\" data-widget_type=\"theme-site-logo.default\">\u00a0<\/div><div class=\"elementor-element elementor-element-1644f0ac elementor-shape-square e-grid-align-left e-grid-align-mobile-center elementor-grid-0 elementor-widget elementor-widget-social-icons\" data-id=\"1644f0ac\" data-element_type=\"widget\" data-widget_type=\"social-icons.default\"><div class=\"elementor-widget-container\">\u00a0<\/div><\/div><\/div><\/div><div class=\"elementor-column elementor-col-33 elementor-top-column elementor-element elementor-element-d472caa\" data-id=\"d472caa\" data-element_type=\"column\"><div class=\"elementor-widget-wrap elementor-element-populated\"><div class=\"elementor-element elementor-element-48375f70 elementor-icon-list--layout-traditional elementor-list-item-link-full_width elementor-widget elementor-widget-icon-list\" data-id=\"48375f70\" data-element_type=\"widget\" data-widget_type=\"icon-list.default\"><div class=\"elementor-widget-container\"><ul class=\"elementor-icon-list-items\"><li class=\"elementor-icon-list-item\">\u00a0<\/li><\/ul><\/div><\/div><\/div><\/div><\/div><\/section><\/div>\t\t\t\t\t\t\t\t<\/div>\n\t\t\t\t<\/div>\n\t\t\t\t\t<\/div>\n\t\t\t\t<\/div>\n\t\t\t\t<\/div>\n\t\t","protected":false},"excerpt":{"rendered":"<p>Regulamin Regulamin sklepu internetowego orzelglogowo.sklep.pl I. Postanowienia og\u00f3lne Regulamin okre\u015bla zasady korzystania ze sklepu internetowego dost\u0119pnego pod adresem orzelglogowo.sklep.pl. W\u0142a\u015bcicielem sklepu jest Sebastian Sta\u0144czak, prowadz\u0105cy dzia\u0142alno\u015b\u0107 gospodarcz\u0105 pod nazw\u0105 \u201eUs\u0142ugi Reklamowe Sebastian Sta\u0144czak\u201d, z siedzib\u0105 przy ul. J\u00f3zefa Czapskiego 61, 66-100 Brzezie k. Sulechowa, NIP: 973106690. Kontakt ze sprzedawc\u0105: Telefon: 537 324 675 E-mail:\u00a0biuro@grafika-sportowa.pl Sklep [&hellip;]<\/p>\n","protected":false},"author":1,"featured_media":0,"parent":0,"menu_order":0,"comment_status":"closed","ping_status":"closed","template":"","meta":{"footnotes":""},"class_list":["post-710","page","type-page","status-publish","hentry"],"_links":{"self":[{"href":"https:\/\/orzelglogowo.sklep.pl\/index.php\/wp-json\/wp\/v2\/pages\/710","targetHints":{"allow":["GET"]}}],"collection":[{"href":"https:\/\/orzelglogowo.sklep.pl\/index.php\/wp-json\/wp\/v2\/pages"}],"about":[{"href":"https:\/\/orzelglogowo.sklep.pl\/index.php\/wp-json\/wp\/v2\/types\/page"}],"author":[{"embeddable":true,"href":"https:\/\/orzelglogowo.sklep.pl\/index.php\/wp-json\/wp\/v2\/users\/1"}],"replies":[{"embeddable":true,"href":"https:\/\/orzelglogowo.sklep.pl\/index.php\/wp-json\/wp\/v2\/comments?post=710"}],"version-history":[{"count":4,"href":"https:\/\/orzelglogowo.sklep.pl\/index.php\/wp-json\/wp\/v2\/pages\/710\/revisions"}],"predecessor-version":[{"id":714,"href":"https:\/\/orzelglogowo.sklep.pl\/index.php\/wp-json\/wp\/v2\/pages\/710\/revisions\/714"}],"wp:attachment":[{"href":"https:\/\/orzelglogowo.sklep.pl\/index.php\/wp-json\/wp\/v2\/media?parent=710"}],"curies":[{"name":"wp","href":"https:\/\/api.w.org\/{rel}","templated":true}]}}