{"id":598,"date":"2025-05-07T19:36:10","date_gmt":"2025-05-07T17:36:10","guid":{"rendered":"https:\/\/orzelglogowo.sklep.pl\/?post_type=product&#038;p=598"},"modified":"2025-05-09T21:32:50","modified_gmt":"2025-05-09T19:32:50","slug":"proporczyk","status":"publish","type":"product","link":"https:\/\/orzelglogowo.sklep.pl\/index.php\/produkt\/proporczyk\/","title":{"rendered":"Proporczyk"},"content":{"rendered":"","protected":false},"excerpt":{"rendered":"<p>Proporczyk to elegancki symbol klubowej dumy i tradycji. Wykonany z wysokiej jako\u015bci materia\u0142\u00f3w, prezentuje barwy klubowe oraz herb Pogoni \u015awiebodzin, podkre\u015blaj\u0105c sportow\u0105 to\u017csamo\u015b\u0107 i histori\u0119 zespo\u0142u. Idealny jako pami\u0105tka dla kibic\u00f3w, element dekoracyjny lub upominek dla sympatyk\u00f3w klubu.<\/p>\n","protected":false},"featured_media":676,"comment_status":"open","ping_status":"closed","template":"","meta":[],"product_brand":[],"product_cat":[19],"product_tag":[],"class_list":{"0":"post-598","1":"product","2":"type-product","3":"status-publish","4":"has-post-thumbnail","6":"product_cat-akcesoria","8":"first","9":"instock","10":"shipping-taxable","11":"purchasable","12":"product-type-variable"},"_links":{"self":[{"href":"https:\/\/orzelglogowo.sklep.pl\/index.php\/wp-json\/wp\/v2\/product\/598","targetHints":{"allow":["GET"]}}],"collection":[{"href":"https:\/\/orzelglogowo.sklep.pl\/index.php\/wp-json\/wp\/v2\/product"}],"about":[{"href":"https:\/\/orzelglogowo.sklep.pl\/index.php\/wp-json\/wp\/v2\/types\/product"}],"replies":[{"embeddable":true,"href":"https:\/\/orzelglogowo.sklep.pl\/index.php\/wp-json\/wp\/v2\/comments?post=598"}],"wp:featuredmedia":[{"embeddable":true,"href":"https:\/\/orzelglogowo.sklep.pl\/index.php\/wp-json\/wp\/v2\/media\/676"}],"wp:attachment":[{"href":"https:\/\/orzelglogowo.sklep.pl\/index.php\/wp-json\/wp\/v2\/media?parent=598"}],"wp:term":[{"taxonomy":"product_brand","embeddable":true,"href":"https:\/\/orzelglogowo.sklep.pl\/index.php\/wp-json\/wp\/v2\/product_brand?post=598"},{"taxonomy":"product_cat","embeddable":true,"href":"https:\/\/orzelglogowo.sklep.pl\/index.php\/wp-json\/wp\/v2\/product_cat?post=598"},{"taxonomy":"product_tag","embeddable":true,"href":"https:\/\/orzelglogowo.sklep.pl\/index.php\/wp-json\/wp\/v2\/product_tag?post=598"}],"curies":[{"name":"wp","href":"https:\/\/api.w.org\/{rel}","templated":true}]}}