{"id":679,"date":"2025-05-07T21:24:49","date_gmt":"2025-05-07T19:24:49","guid":{"rendered":"https:\/\/orzelglogowo.sklep.pl\/?post_type=product&#038;p=679"},"modified":"2025-05-09T21:29:47","modified_gmt":"2025-05-09T19:29:47","slug":"dres-wyjsciowy","status":"publish","type":"product","link":"https:\/\/orzelglogowo.sklep.pl\/index.php\/produkt\/dres-wyjsciowy\/","title":{"rendered":"Dres wyj\u015bciowy"},"content":{"rendered":"","protected":false},"excerpt":{"rendered":"<div class=\"flex max-w-full flex-col flex-grow\">\n<div class=\"min-h-8 text-message flex w-full flex-col items-end gap-2 whitespace-normal break-words text-start [.text-message+&amp;]:mt-5\" dir=\"auto\" data-message-author-role=\"assistant\" data-message-id=\"16235300-5d88-44d1-8729-cbb2d6075d74\" data-message-model-slug=\"gpt-4o\">\n<div class=\"flex w-full flex-col gap-1 empty:hidden first:pt-[3px]\">\n<div class=\"markdown prose w-full break-words dark:prose-invert light\">\n<div class=\"flex max-w-full flex-col flex-grow\">\n<div class=\"min-h-8 text-message flex w-full flex-col items-end gap-2 whitespace-normal break-words text-start [.text-message+&amp;]:mt-5\" dir=\"auto\" data-message-author-role=\"assistant\" data-message-id=\"560ee9bb-f0d9-4d58-bf79-b4d8c4034e8b\" data-message-model-slug=\"gpt-4o\">\n<div class=\"flex w-full flex-col gap-1 empty:hidden first:pt-[3px]\">\n<div class=\"markdown prose w-full break-words dark:prose-invert light\">\n<p>Idealny na przedmeczowe wyj\u015bcia i oficjalne okazje. Wykonany z lekkiego, oddychaj\u0105cego materia\u0142u, zapewnia komfort i swobod\u0119 ruch\u00f3w. Bluza zapinana na zamek, z delikatnym \u015bci\u0105gaczem i subtelnym logo klubu, spodnie zw\u0119\u017cane u do\u0142u \u2013 ca\u0142o\u015b\u0107 tworzy stylowy i profesjonalny wygl\u0105d dru\u017cyny.<\/p>\n<\/div>\n<\/div>\n<\/div>\n<\/div>\n<div class=\"mb-2 flex gap-3 empty:hidden -ml-2\">\n<div class=\"items-center justify-start rounded-xl p-1 flex\">\n<div class=\"flex items-center\">\n<div class=\"flex items-center pb-0\"><\/div>\n<\/div>\n<\/div>\n<\/div>\n<\/div>\n<\/div>\n<\/div>\n<\/div>\n","protected":false},"featured_media":691,"comment_status":"open","ping_status":"closed","template":"","meta":[],"product_brand":[],"product_cat":[21],"product_tag":[],"class_list":{"0":"post-679","1":"product","2":"type-product","3":"status-publish","4":"has-post-thumbnail","6":"product_cat-meczowe","8":"first","9":"instock","10":"shipping-taxable","11":"purchasable","12":"product-type-variable"},"_links":{"self":[{"href":"https:\/\/orzelglogowo.sklep.pl\/index.php\/wp-json\/wp\/v2\/product\/679","targetHints":{"allow":["GET"]}}],"collection":[{"href":"https:\/\/orzelglogowo.sklep.pl\/index.php\/wp-json\/wp\/v2\/product"}],"about":[{"href":"https:\/\/orzelglogowo.sklep.pl\/index.php\/wp-json\/wp\/v2\/types\/product"}],"replies":[{"embeddable":true,"href":"https:\/\/orzelglogowo.sklep.pl\/index.php\/wp-json\/wp\/v2\/comments?post=679"}],"wp:featuredmedia":[{"embeddable":true,"href":"https:\/\/orzelglogowo.sklep.pl\/index.php\/wp-json\/wp\/v2\/media\/691"}],"wp:attachment":[{"href":"https:\/\/orzelglogowo.sklep.pl\/index.php\/wp-json\/wp\/v2\/media?parent=679"}],"wp:term":[{"taxonomy":"product_brand","embeddable":true,"href":"https:\/\/orzelglogowo.sklep.pl\/index.php\/wp-json\/wp\/v2\/product_brand?post=679"},{"taxonomy":"product_cat","embeddable":true,"href":"https:\/\/orzelglogowo.sklep.pl\/index.php\/wp-json\/wp\/v2\/product_cat?post=679"},{"taxonomy":"product_tag","embeddable":true,"href":"https:\/\/orzelglogowo.sklep.pl\/index.php\/wp-json\/wp\/v2\/product_tag?post=679"}],"curies":[{"name":"wp","href":"https:\/\/api.w.org\/{rel}","templated":true}]}}