{"id":702,"date":"2025-05-09T21:24:21","date_gmt":"2025-05-09T19:24:21","guid":{"rendered":"https:\/\/orzelglogowo.sklep.pl\/?post_type=product&#038;p=702"},"modified":"2025-05-09T21:24:21","modified_gmt":"2025-05-09T19:24:21","slug":"szalik","status":"publish","type":"product","link":"https:\/\/orzelglogowo.sklep.pl\/index.php\/produkt\/szalik\/","title":{"rendered":"Szalik"},"content":{"rendered":"","protected":false},"excerpt":{"rendered":"<p>Poka\u017c dum\u0119 z bycia cz\u0119\u015bci\u0105 Or\u0142a G\u0142ogowo! Klasyczny szalik kibica w barwach \u017c\u00f3\u0142to-niebieskich to niezb\u0119dny element ka\u017cdego fana. Wykonany z wysokiej jako\u015bci materia\u0142u, idealny na mecze, wyjazdy i codzienne wsparcie dru\u017cyny. Z jednej strony herb klubu, z drugiej wyrazisty napis \u201eOrze\u0142 G\u0142ogowo\u201d \u2013 niech ka\u017cdy wie, komu kibicujesz!<\/p>\n","protected":false},"featured_media":703,"comment_status":"open","ping_status":"closed","template":"","meta":[],"product_brand":[],"product_cat":[19],"product_tag":[],"class_list":{"0":"post-702","1":"product","2":"type-product","3":"status-publish","4":"has-post-thumbnail","6":"product_cat-akcesoria","8":"first","9":"instock","10":"shipping-taxable","11":"purchasable","12":"product-type-simple"},"_links":{"self":[{"href":"https:\/\/orzelglogowo.sklep.pl\/index.php\/wp-json\/wp\/v2\/product\/702","targetHints":{"allow":["GET"]}}],"collection":[{"href":"https:\/\/orzelglogowo.sklep.pl\/index.php\/wp-json\/wp\/v2\/product"}],"about":[{"href":"https:\/\/orzelglogowo.sklep.pl\/index.php\/wp-json\/wp\/v2\/types\/product"}],"replies":[{"embeddable":true,"href":"https:\/\/orzelglogowo.sklep.pl\/index.php\/wp-json\/wp\/v2\/comments?post=702"}],"wp:featuredmedia":[{"embeddable":true,"href":"https:\/\/orzelglogowo.sklep.pl\/index.php\/wp-json\/wp\/v2\/media\/703"}],"wp:attachment":[{"href":"https:\/\/orzelglogowo.sklep.pl\/index.php\/wp-json\/wp\/v2\/media?parent=702"}],"wp:term":[{"taxonomy":"product_brand","embeddable":true,"href":"https:\/\/orzelglogowo.sklep.pl\/index.php\/wp-json\/wp\/v2\/product_brand?post=702"},{"taxonomy":"product_cat","embeddable":true,"href":"https:\/\/orzelglogowo.sklep.pl\/index.php\/wp-json\/wp\/v2\/product_cat?post=702"},{"taxonomy":"product_tag","embeddable":true,"href":"https:\/\/orzelglogowo.sklep.pl\/index.php\/wp-json\/wp\/v2\/product_tag?post=702"}],"curies":[{"name":"wp","href":"https:\/\/api.w.org\/{rel}","templated":true}]}}